{"id":898,"date":"2020-09-14T07:28:19","date_gmt":"2020-09-14T07:28:19","guid":{"rendered":"http:\/\/wpdemo.archiwp.com\/maxbizz\/?page_id=898"},"modified":"2024-04-29T23:17:42","modified_gmt":"2024-04-29T23:17:42","slug":"marketing-research","status":"publish","type":"page","link":"https:\/\/hivesia.com\/?page_id=898","title":{"rendered":"INTELLIGENCE ECONOMIQUE ET STRATEGIQUE"},"content":{"rendered":"\t\t<div data-elementor-type=\"wp-page\" data-elementor-id=\"898\" class=\"elementor elementor-898\">\n\t\t\t\t\t\t<section class=\"elementor-section elementor-top-section elementor-element elementor-element-a5c8e2c elementor-section-boxed elementor-section-height-default elementor-section-height-default\" data-id=\"a5c8e2c\" data-element_type=\"section\" data-e-type=\"section\">\n\t\t\t\t\t\t<div class=\"elementor-container elementor-column-gap-default\">\n\t\t\t\t\t<div class=\"elementor-column elementor-col-100 elementor-top-column elementor-element elementor-element-2fd2bf5 ot-flex-column-vertical\" data-id=\"2fd2bf5\" data-element_type=\"column\" data-e-type=\"column\">\n\t\t\t<div class=\"elementor-widget-wrap elementor-element-populated\">\n\t\t\t\t\t\t<div class=\"elementor-element elementor-element-98b9122 elementor-widget elementor-widget-heading\" data-id=\"98b9122\" data-element_type=\"widget\" data-e-type=\"widget\" data-widget_type=\"heading.default\">\n\t\t\t\t<div class=\"elementor-widget-container\">\n\t\t\t\t\t<h5 class=\"elementor-heading-title elementor-size-default\"><span style=\"color:#55bb53\">01.<\/span>\u00a0DUE CARTOGRAPHIES TACTIQUE ET STRATEGIQUES<\/h5>\t\t\t\t<\/div>\n\t\t\t\t<\/div>\n\t\t\t\t<div class=\"elementor-element elementor-element-8ff4b27 elementor-widget elementor-widget-text-editor\" data-id=\"8ff4b27\" data-element_type=\"widget\" data-e-type=\"widget\" data-widget_type=\"text-editor.default\">\n\t\t\t\t<div class=\"elementor-widget-container\">\n\t\t\t\t\t\t\t\t\t<p class=\"font_8\">Pour appuyer nos rapports d&rsquo;\u00e9tude, nous \u00e9laborons des\u00a0cartographies (mind-mapping) tactiques et\/ou strat\u00e9giques\u00a0construites de mani\u00e8re claire et visuelle, qui r\u00e9sument les points clefs de nos recherches.<\/p><p class=\"font_8\">L&rsquo;int\u00e9r\u00eat est de comprendre les\u00a0liens\u00a0et\u00a0interactions\u00a0: qui fait quoi, par quel(s) moyen(s), quels sont les financements officiels et officieux, analyser les\u00a0r\u00e9seaux humains \/ logistiques \/ capitalistiques, ou encore de cartographier les \u00e9cosyst\u00e8mes commerciaux et industriels (fournisseurs, sous-traitants, R&amp;D, partenaires locaux.<\/p>\t\t\t\t\t\t\t\t<\/div>\n\t\t\t\t<\/div>\n\t\t\t\t<div class=\"elementor-element elementor-element-403cd76 elementor-widget-divider--view-line elementor-widget elementor-widget-divider\" data-id=\"403cd76\" data-element_type=\"widget\" data-e-type=\"widget\" data-widget_type=\"divider.default\">\n\t\t\t\t<div class=\"elementor-widget-container\">\n\t\t\t\t\t\t\t<div class=\"elementor-divider\">\n\t\t\t<span class=\"elementor-divider-separator\">\n\t\t\t\t\t\t<\/span>\n\t\t<\/div>\n\t\t\t\t\t\t<\/div>\n\t\t\t\t<\/div>\n\t\t\t\t<div class=\"elementor-element elementor-element-36b30ee elementor-widget elementor-widget-heading\" data-id=\"36b30ee\" data-element_type=\"widget\" data-e-type=\"widget\" data-widget_type=\"heading.default\">\n\t\t\t\t<div class=\"elementor-widget-container\">\n\t\t\t\t\t<h5 class=\"elementor-heading-title elementor-size-default\"><span style=\"color:#55bb53\">02.<\/span> \u00a0DUE DILIGENCE &amp; COMPLIANCE<\/h5>\t\t\t\t<\/div>\n\t\t\t\t<\/div>\n\t\t\t\t<div class=\"elementor-element elementor-element-44468ba elementor-widget elementor-widget-text-editor\" data-id=\"44468ba\" data-element_type=\"widget\" data-e-type=\"widget\" data-widget_type=\"text-editor.default\">\n\t\t\t\t<div class=\"elementor-widget-container\">\n\t\t\t\t\t\t\t\t\t<p class=\"font_8\"><span class=\"color_11\">La due diligence est un ensemble de v\u00e9rifications permettant une analyse compl\u00e8te de l\u2019activit\u00e9 d\u2019une entit\u00e9 et une v\u00e9rification de l\u2019int\u00e9grit\u00e9 de cette m\u00eame entit\u00e9.<\/span><\/p><p class=\"font_8\"><span style=\"color: var( --e-global-color-text ); font-weight: var( --e-global-typography-text-font-weight );\">Notre m\u00e9thode de due diligence, sur\u00a0personne morale ou physique, r\u00e9pond \u00e0 ces besoins sp\u00e9cifiques et comprend \u00e0 titre d&rsquo;exemple : actionnariat, implantations, r\u00e9putation, r\u00e9seaux et relais d&rsquo;influence, litiges, \u00e9tat civil complet, mandats sociaux, patrimoine, donn\u00e9es \u00e9conomiques, financi\u00e8res et commerciales&#8230;<\/span><\/p>\t\t\t\t\t\t\t\t<\/div>\n\t\t\t\t<\/div>\n\t\t\t\t<div class=\"elementor-element elementor-element-79cb6c6 elementor-widget-divider--view-line elementor-widget elementor-widget-divider\" data-id=\"79cb6c6\" data-element_type=\"widget\" data-e-type=\"widget\" data-widget_type=\"divider.default\">\n\t\t\t\t<div class=\"elementor-widget-container\">\n\t\t\t\t\t\t\t<div class=\"elementor-divider\">\n\t\t\t<span class=\"elementor-divider-separator\">\n\t\t\t\t\t\t<\/span>\n\t\t<\/div>\n\t\t\t\t\t\t<\/div>\n\t\t\t\t<\/div>\n\t\t\t\t<div class=\"elementor-element elementor-element-ce99876 elementor-widget elementor-widget-heading\" data-id=\"ce99876\" data-element_type=\"widget\" data-e-type=\"widget\" data-widget_type=\"heading.default\">\n\t\t\t\t<div class=\"elementor-widget-container\">\n\t\t\t\t\t<h5 class=\"elementor-heading-title elementor-size-default\"><span style=\"color:#55bb53\">03.<\/span> SOUTIEN A L'INTERNATIONAL<\/h5>\t\t\t\t<\/div>\n\t\t\t\t<\/div>\n\t\t\t\t<section class=\"elementor-section elementor-inner-section elementor-element elementor-element-2160db2 elementor-section-full_width elementor-reverse-tablet elementor-reverse-mobile elementor-section-height-default elementor-section-height-default\" data-id=\"2160db2\" data-element_type=\"section\" data-e-type=\"section\">\n\t\t\t\t\t\t<div class=\"elementor-container elementor-column-gap-no\">\n\t\t\t\t\t<div class=\"elementor-column elementor-col-100 elementor-inner-column elementor-element elementor-element-436e155 ot-flex-column-vertical\" data-id=\"436e155\" data-element_type=\"column\" data-e-type=\"column\">\n\t\t\t<div class=\"elementor-widget-wrap elementor-element-populated\">\n\t\t\t\t\t\t<div class=\"elementor-element elementor-element-77b1f02 elementor-widget elementor-widget-text-editor\" data-id=\"77b1f02\" data-element_type=\"widget\" data-e-type=\"widget\" data-widget_type=\"text-editor.default\">\n\t\t\t\t<div class=\"elementor-widget-container\">\n\t\t\t\t\t\t\t\t\t<div class=\"elementor-widget-container\">\n<div class=\"elementor-text-editor elementor-clearfix elementor-inline-editing\" data-elementor-setting-key=\"editor\" data-elementor-inline-editing-toolbar=\"advanced\">\n<div id=\"comp-l7t6p2n0\" class=\"_2Hij5 _3bcaz\" data-testid=\"richTextElement\">\n<p class=\"font_8\">Dans toute strat\u00e9gie de d\u00e9veloppement, en particulier \u00e0 l\u2019international, de nombreux facteurs sont \u00e0 anticiper de la part de l\u2019entreprise inscrite dans cette d\u00e9marche.<\/p>\n<p class=\"font_8\">HIVESIA intervient dans tous les aspects de l\u2019accompagnement n\u00e9cessaires au bon d\u00e9roulement de votre strat\u00e9gie de mani\u00e8re intuitu personae :<\/p>\n\n<\/div>\n<\/div>\n<\/div>\n<ul>\n \t<li><span style=\"color: #55bb53;\">Collecte d\u2019informations tactiques et cibl\u00e9es<\/span><\/li>\n \t<li><span style=\"color: #55bb53;\">Information terrain gr\u00e2ce \u00e0 nos experts locaux.<\/span><\/li>\n\t\t\t\t\t\t\t\t<\/div>\n\t\t\t\t<\/div>\n\t\t\t\t\t<\/div>\n\t\t<\/div>\n\t\t\t\t\t<\/div>\n\t\t<\/section>\n\t\t\t\t<section class=\"elementor-section elementor-inner-section elementor-element elementor-element-2ac742b elementor-section-full_width elementor-section-height-default elementor-section-height-default\" data-id=\"2ac742b\" data-element_type=\"section\" data-e-type=\"section\">\n\t\t\t\t\t\t<div class=\"elementor-container elementor-column-gap-extended\">\n\t\t\t\t\t<div class=\"elementor-column elementor-col-25 elementor-inner-column elementor-element elementor-element-1aa5fae ot-flex-column-vertical\" data-id=\"1aa5fae\" data-element_type=\"column\" data-e-type=\"column\">\n\t\t\t<div class=\"elementor-widget-wrap elementor-element-populated\">\n\t\t\t\t\t\t<div class=\"elementor-element elementor-element-410f7ee elementor-widget elementor-widget-iprogress\" data-id=\"410f7ee\" data-element_type=\"widget\" data-e-type=\"widget\" data-widget_type=\"iprogress.default\">\n\t\t\t\t<div class=\"elementor-widget-container\">\n\t\t\t\t\t\r\n\t\t\t\t<div class=\"circle-progress\" data-color=\"#55BB53\" data-height=\"4\" data-size=\"160\">\r\n\t\t\t<div class=\"inner-bar\" data-percent=\"75\">\r\n\t\t\t\t<span>\r\n\t\t\t\t\t<span class=\"percent\">75<\/span>\t\t\t\t<\/span>\r\n\t\t\t<\/div>\r\n\t\t\t<h6>marketing analysis<\/h6>\t\t<\/div>\r\n\t\t\r\n\t    \t\t\t\t<\/div>\n\t\t\t\t<\/div>\n\t\t\t\t\t<\/div>\n\t\t<\/div>\n\t\t\t\t<div class=\"elementor-column elementor-col-25 elementor-inner-column elementor-element elementor-element-bfa36fc ot-flex-column-vertical\" data-id=\"bfa36fc\" data-element_type=\"column\" data-e-type=\"column\">\n\t\t\t<div class=\"elementor-widget-wrap elementor-element-populated\">\n\t\t\t\t\t\t<div class=\"elementor-element elementor-element-0c12cfe elementor-widget elementor-widget-iprogress\" data-id=\"0c12cfe\" data-element_type=\"widget\" data-e-type=\"widget\" data-widget_type=\"iprogress.default\">\n\t\t\t\t<div class=\"elementor-widget-container\">\n\t\t\t\t\t\r\n\t\t\t\t<div class=\"circle-progress\" data-color=\"#55BB53\" data-height=\"4\" data-size=\"160\">\r\n\t\t\t<div class=\"inner-bar\" data-percent=\"65\">\r\n\t\t\t\t<span>\r\n\t\t\t\t\t<span class=\"percent\">65<\/span>\t\t\t\t<\/span>\r\n\t\t\t<\/div>\r\n\t\t\t<h6>business innovation<\/h6>\t\t<\/div>\r\n\t\t\r\n\t    \t\t\t\t<\/div>\n\t\t\t\t<\/div>\n\t\t\t\t\t<\/div>\n\t\t<\/div>\n\t\t\t\t<div class=\"elementor-column elementor-col-25 elementor-inner-column elementor-element elementor-element-bc837a1 ot-flex-column-vertical\" data-id=\"bc837a1\" data-element_type=\"column\" data-e-type=\"column\">\n\t\t\t<div class=\"elementor-widget-wrap elementor-element-populated\">\n\t\t\t\t\t\t<div class=\"elementor-element elementor-element-699687b elementor-widget elementor-widget-iprogress\" data-id=\"699687b\" data-element_type=\"widget\" data-e-type=\"widget\" data-widget_type=\"iprogress.default\">\n\t\t\t\t<div class=\"elementor-widget-container\">\n\t\t\t\t\t\r\n\t\t\t\t<div class=\"circle-progress\" data-color=\"#55BB53\" data-height=\"4\" data-size=\"160\">\r\n\t\t\t<div class=\"inner-bar\" data-percent=\"90\">\r\n\t\t\t\t<span>\r\n\t\t\t\t\t<span class=\"percent\">90<\/span>\t\t\t\t<\/span>\r\n\t\t\t<\/div>\r\n\t\t\t<h6>finance strategy<\/h6>\t\t<\/div>\r\n\t\t\r\n\t    \t\t\t\t<\/div>\n\t\t\t\t<\/div>\n\t\t\t\t\t<\/div>\n\t\t<\/div>\n\t\t\t\t<div class=\"elementor-column elementor-col-25 elementor-inner-column elementor-element elementor-element-4bf3a13 ot-flex-column-vertical\" data-id=\"4bf3a13\" data-element_type=\"column\" data-e-type=\"column\">\n\t\t\t<div class=\"elementor-widget-wrap elementor-element-populated\">\n\t\t\t\t\t\t<div class=\"elementor-element elementor-element-053f744 elementor-widget elementor-widget-iprogress\" data-id=\"053f744\" data-element_type=\"widget\" data-e-type=\"widget\" data-widget_type=\"iprogress.default\">\n\t\t\t\t<div class=\"elementor-widget-container\">\n\t\t\t\t\t\r\n\t\t\t\t<div class=\"circle-progress\" data-color=\"#55BB53\" data-height=\"4\" data-size=\"160\">\r\n\t\t\t<div class=\"inner-bar\" data-percent=\"45\">\r\n\t\t\t\t<span>\r\n\t\t\t\t\t<span class=\"percent\">45<\/span>\t\t\t\t<\/span>\r\n\t\t\t<\/div>\r\n\t\t\t<h6>corporate management<\/h6>\t\t<\/div>\r\n\t\t\r\n\t    \t\t\t\t<\/div>\n\t\t\t\t<\/div>\n\t\t\t\t\t<\/div>\n\t\t<\/div>\n\t\t\t\t\t<\/div>\n\t\t<\/section>\n\t\t\t\t\t<\/div>\n\t\t<\/div>\n\t\t\t\t\t<\/div>\n\t\t<\/section>\n\t\t\t\t<\/div>\n\t\t","protected":false},"excerpt":{"rendered":"<p>01.\u00a0DUE CARTOGRAPHIES TACTIQUE ET STRATEGIQUES Pour appuyer nos rapports d&rsquo;\u00e9tude, nous \u00e9laborons des\u00a0cartographies (mind-mapping) tactiques et\/ou strat\u00e9giques\u00a0construites de mani\u00e8re claire et visuelle, qui r\u00e9sument les points clefs de nos recherches. L&rsquo;int\u00e9r\u00eat est de comprendre les\u00a0liens\u00a0et\u00a0interactions\u00a0: qui fait quoi, par quel(s) moyen(s), quels sont les financements officiels et officieux, analyser les\u00a0r\u00e9seaux humains \/ logistiques \/ capitalistiques, [&hellip;]<\/p>\n","protected":false},"author":1,"featured_media":0,"parent":868,"menu_order":0,"comment_status":"closed","ping_status":"closed","template":"","meta":{"_monsterinsights_skip_tracking":false,"_monsterinsights_sitenote_active":false,"_monsterinsights_sitenote_note":"","_monsterinsights_sitenote_category":0,"two_page_speed":[],"footnotes":""},"class_list":["post-898","page","type-page","status-publish","hentry"],"aioseo_notices":[],"yoast_head":"<!-- This site is optimized with the Yoast SEO plugin v27.3 - https:\/\/yoast.com\/product\/yoast-seo-wordpress\/ -->\n<title>INTELLIGENCE ECONOMIQUE ET STRATEGIQUE - HIVESIA<\/title>\n<meta name=\"robots\" content=\"index, follow, max-snippet:-1, max-image-preview:large, max-video-preview:-1\" \/>\n<link rel=\"canonical\" href=\"https:\/\/hivesia.com\/?page_id=898\" \/>\n<meta property=\"og:locale\" content=\"fr_FR\" \/>\n<meta property=\"og:type\" content=\"article\" \/>\n<meta property=\"og:title\" content=\"INTELLIGENCE ECONOMIQUE ET STRATEGIQUE - HIVESIA\" \/>\n<meta property=\"og:description\" content=\"01.\u00a0DUE CARTOGRAPHIES TACTIQUE ET STRATEGIQUES Pour appuyer nos rapports d&rsquo;\u00e9tude, nous \u00e9laborons des\u00a0cartographies (mind-mapping) tactiques et\/ou strat\u00e9giques\u00a0construites de mani\u00e8re claire et visuelle, qui r\u00e9sument les points clefs de nos recherches. L&rsquo;int\u00e9r\u00eat est de comprendre les\u00a0liens\u00a0et\u00a0interactions\u00a0: qui fait quoi, par quel(s) moyen(s), quels sont les financements officiels et officieux, analyser les\u00a0r\u00e9seaux humains \/ logistiques \/ capitalistiques, [&hellip;]\" \/>\n<meta property=\"og:url\" content=\"https:\/\/hivesia.com\/?page_id=898\" \/>\n<meta property=\"og:site_name\" content=\"HIVESIA\" \/>\n<meta property=\"article:modified_time\" content=\"2024-04-29T23:17:42+00:00\" \/>\n<meta property=\"og:image\" content=\"https:\/\/hivesia.com\/wp-content\/uploads\/2022\/08\/cropped-HIVE-STRATEGIC-IMPACT-2-1.png\" \/>\n\t<meta property=\"og:image:width\" content=\"512\" \/>\n\t<meta property=\"og:image:height\" content=\"512\" \/>\n\t<meta property=\"og:image:type\" content=\"image\/png\" \/>\n<meta name=\"twitter:card\" content=\"summary_large_image\" \/>\n<meta name=\"twitter:site\" content=\"@HIVESIA_\" \/>\n<meta name=\"twitter:label1\" content=\"Dur\u00e9e de lecture estim\u00e9e\" \/>\n\t<meta name=\"twitter:data1\" content=\"2 minutes\" \/>\n<script type=\"application\/ld+json\" class=\"yoast-schema-graph\">{\"@context\":\"https:\\\/\\\/schema.org\",\"@graph\":[{\"@type\":\"WebPage\",\"@id\":\"https:\\\/\\\/hivesia.com\\\/?page_id=898\",\"url\":\"https:\\\/\\\/hivesia.com\\\/?page_id=898\",\"name\":\"INTELLIGENCE ECONOMIQUE ET STRATEGIQUE - HIVESIA\",\"isPartOf\":{\"@id\":\"https:\\\/\\\/hivesia.com\\\/#website\"},\"datePublished\":\"2020-09-14T07:28:19+00:00\",\"dateModified\":\"2024-04-29T23:17:42+00:00\",\"breadcrumb\":{\"@id\":\"https:\\\/\\\/hivesia.com\\\/?page_id=898#breadcrumb\"},\"inLanguage\":\"fr-FR\",\"potentialAction\":[{\"@type\":\"ReadAction\",\"target\":[\"https:\\\/\\\/hivesia.com\\\/?page_id=898\"]}]},{\"@type\":\"BreadcrumbList\",\"@id\":\"https:\\\/\\\/hivesia.com\\\/?page_id=898#breadcrumb\",\"itemListElement\":[{\"@type\":\"ListItem\",\"position\":1,\"name\":\"Home\",\"item\":\"https:\\\/\\\/hivesia.com\\\/\"},{\"@type\":\"ListItem\",\"position\":2,\"name\":\"Services\",\"item\":\"https:\\\/\\\/hivesia.com\\\/?page_id=868\"},{\"@type\":\"ListItem\",\"position\":3,\"name\":\"INTELLIGENCE ECONOMIQUE ET STRATEGIQUE\"}]},{\"@type\":\"WebSite\",\"@id\":\"https:\\\/\\\/hivesia.com\\\/#website\",\"url\":\"https:\\\/\\\/hivesia.com\\\/\",\"name\":\"HIVESIA\",\"description\":\"L&#039;intelligence \u00e9conomique et strat\u00e9gique notre c\u0153ur de m\u00e9tier\",\"publisher\":{\"@id\":\"https:\\\/\\\/hivesia.com\\\/#organization\"},\"alternateName\":\"Hive Strategic Impact Advisors\",\"potentialAction\":[{\"@type\":\"SearchAction\",\"target\":{\"@type\":\"EntryPoint\",\"urlTemplate\":\"https:\\\/\\\/hivesia.com\\\/?s={search_term_string}\"},\"query-input\":{\"@type\":\"PropertyValueSpecification\",\"valueRequired\":true,\"valueName\":\"search_term_string\"}}],\"inLanguage\":\"fr-FR\"},{\"@type\":\"Organization\",\"@id\":\"https:\\\/\\\/hivesia.com\\\/#organization\",\"name\":\"HIVE STRATEGIC IMPACT ADVISORS\",\"alternateName\":\"HIVESIA\",\"url\":\"https:\\\/\\\/hivesia.com\\\/\",\"logo\":{\"@type\":\"ImageObject\",\"inLanguage\":\"fr-FR\",\"@id\":\"https:\\\/\\\/hivesia.com\\\/#\\\/schema\\\/logo\\\/image\\\/\",\"url\":\"https:\\\/\\\/hivesia.com\\\/wp-content\\\/uploads\\\/2022\\\/08\\\/cropped-HIVE-STRATEGIC-IMPACT-2.png\",\"contentUrl\":\"https:\\\/\\\/hivesia.com\\\/wp-content\\\/uploads\\\/2022\\\/08\\\/cropped-HIVE-STRATEGIC-IMPACT-2.png\",\"width\":512,\"height\":512,\"caption\":\"HIVE STRATEGIC IMPACT ADVISORS\"},\"image\":{\"@id\":\"https:\\\/\\\/hivesia.com\\\/#\\\/schema\\\/logo\\\/image\\\/\"},\"sameAs\":[\"https:\\\/\\\/x.com\\\/HIVESIA_\",\"https:\\\/\\\/www.linkedin.com\\\/company\\\/hivesia\"]}]}<\/script>\n<!-- \/ Yoast SEO plugin. -->","yoast_head_json":{"title":"INTELLIGENCE ECONOMIQUE ET STRATEGIQUE - HIVESIA","robots":{"index":"index","follow":"follow","max-snippet":"max-snippet:-1","max-image-preview":"max-image-preview:large","max-video-preview":"max-video-preview:-1"},"canonical":"https:\/\/hivesia.com\/?page_id=898","og_locale":"fr_FR","og_type":"article","og_title":"INTELLIGENCE ECONOMIQUE ET STRATEGIQUE - HIVESIA","og_description":"01.\u00a0DUE CARTOGRAPHIES TACTIQUE ET STRATEGIQUES Pour appuyer nos rapports d&rsquo;\u00e9tude, nous \u00e9laborons des\u00a0cartographies (mind-mapping) tactiques et\/ou strat\u00e9giques\u00a0construites de mani\u00e8re claire et visuelle, qui r\u00e9sument les points clefs de nos recherches. L&rsquo;int\u00e9r\u00eat est de comprendre les\u00a0liens\u00a0et\u00a0interactions\u00a0: qui fait quoi, par quel(s) moyen(s), quels sont les financements officiels et officieux, analyser les\u00a0r\u00e9seaux humains \/ logistiques \/ capitalistiques, [&hellip;]","og_url":"https:\/\/hivesia.com\/?page_id=898","og_site_name":"HIVESIA","article_modified_time":"2024-04-29T23:17:42+00:00","og_image":[{"width":512,"height":512,"url":"https:\/\/hivesia.com\/wp-content\/uploads\/2022\/08\/cropped-HIVE-STRATEGIC-IMPACT-2-1.png","type":"image\/png"}],"twitter_card":"summary_large_image","twitter_site":"@HIVESIA_","twitter_misc":{"Dur\u00e9e de lecture estim\u00e9e":"2 minutes"},"schema":{"@context":"https:\/\/schema.org","@graph":[{"@type":"WebPage","@id":"https:\/\/hivesia.com\/?page_id=898","url":"https:\/\/hivesia.com\/?page_id=898","name":"INTELLIGENCE ECONOMIQUE ET STRATEGIQUE - HIVESIA","isPartOf":{"@id":"https:\/\/hivesia.com\/#website"},"datePublished":"2020-09-14T07:28:19+00:00","dateModified":"2024-04-29T23:17:42+00:00","breadcrumb":{"@id":"https:\/\/hivesia.com\/?page_id=898#breadcrumb"},"inLanguage":"fr-FR","potentialAction":[{"@type":"ReadAction","target":["https:\/\/hivesia.com\/?page_id=898"]}]},{"@type":"BreadcrumbList","@id":"https:\/\/hivesia.com\/?page_id=898#breadcrumb","itemListElement":[{"@type":"ListItem","position":1,"name":"Home","item":"https:\/\/hivesia.com\/"},{"@type":"ListItem","position":2,"name":"Services","item":"https:\/\/hivesia.com\/?page_id=868"},{"@type":"ListItem","position":3,"name":"INTELLIGENCE ECONOMIQUE ET STRATEGIQUE"}]},{"@type":"WebSite","@id":"https:\/\/hivesia.com\/#website","url":"https:\/\/hivesia.com\/","name":"HIVESIA","description":"L&#039;intelligence \u00e9conomique et strat\u00e9gique notre c\u0153ur de m\u00e9tier","publisher":{"@id":"https:\/\/hivesia.com\/#organization"},"alternateName":"Hive Strategic Impact Advisors","potentialAction":[{"@type":"SearchAction","target":{"@type":"EntryPoint","urlTemplate":"https:\/\/hivesia.com\/?s={search_term_string}"},"query-input":{"@type":"PropertyValueSpecification","valueRequired":true,"valueName":"search_term_string"}}],"inLanguage":"fr-FR"},{"@type":"Organization","@id":"https:\/\/hivesia.com\/#organization","name":"HIVE STRATEGIC IMPACT ADVISORS","alternateName":"HIVESIA","url":"https:\/\/hivesia.com\/","logo":{"@type":"ImageObject","inLanguage":"fr-FR","@id":"https:\/\/hivesia.com\/#\/schema\/logo\/image\/","url":"https:\/\/hivesia.com\/wp-content\/uploads\/2022\/08\/cropped-HIVE-STRATEGIC-IMPACT-2.png","contentUrl":"https:\/\/hivesia.com\/wp-content\/uploads\/2022\/08\/cropped-HIVE-STRATEGIC-IMPACT-2.png","width":512,"height":512,"caption":"HIVE STRATEGIC IMPACT ADVISORS"},"image":{"@id":"https:\/\/hivesia.com\/#\/schema\/logo\/image\/"},"sameAs":["https:\/\/x.com\/HIVESIA_","https:\/\/www.linkedin.com\/company\/hivesia"]}]}},"jetpack-related-posts":[],"jetpack_sharing_enabled":true,"_links":{"self":[{"href":"https:\/\/hivesia.com\/index.php?rest_route=\/wp\/v2\/pages\/898","targetHints":{"allow":["GET"]}}],"collection":[{"href":"https:\/\/hivesia.com\/index.php?rest_route=\/wp\/v2\/pages"}],"about":[{"href":"https:\/\/hivesia.com\/index.php?rest_route=\/wp\/v2\/types\/page"}],"author":[{"embeddable":true,"href":"https:\/\/hivesia.com\/index.php?rest_route=\/wp\/v2\/users\/1"}],"replies":[{"embeddable":true,"href":"https:\/\/hivesia.com\/index.php?rest_route=%2Fwp%2Fv2%2Fcomments&post=898"}],"version-history":[{"count":16,"href":"https:\/\/hivesia.com\/index.php?rest_route=\/wp\/v2\/pages\/898\/revisions"}],"predecessor-version":[{"id":3076,"href":"https:\/\/hivesia.com\/index.php?rest_route=\/wp\/v2\/pages\/898\/revisions\/3076"}],"up":[{"embeddable":true,"href":"https:\/\/hivesia.com\/index.php?rest_route=\/wp\/v2\/pages\/868"}],"wp:attachment":[{"href":"https:\/\/hivesia.com\/index.php?rest_route=%2Fwp%2Fv2%2Fmedia&parent=898"}],"curies":[{"name":"wp","href":"https:\/\/api.w.org\/{rel}","templated":true}]}}